{"id":18,"date":"2022-11-22T16:01:48","date_gmt":"2022-11-22T16:01:48","guid":{"rendered":"https:\/\/ubica.es\/?page_id=18"},"modified":"2022-11-22T17:21:21","modified_gmt":"2022-11-22T17:21:21","slug":"stranger-thinks","status":"publish","type":"page","link":"https:\/\/ubica.es\/es_es\/stranger-thinks\/","title":{"rendered":"Stranger Thinks"},"content":{"rendered":"<p>[et_pb_section fb_built=\u00bb1&#8243; _builder_version=\u00bb4.17.4&#8243; _module_preset=\u00bbdefault\u00bb custom_margin=\u00bb-12px||||false|false\u00bb custom_padding=\u00bb|0px||||\u00bb global_colors_info=\u00bb{}\u00bb][et_pb_row _builder_version=\u00bb4.17.4&#8243; _module_preset=\u00bbdefault\u00bb global_colors_info=\u00bb{}\u00bb][et_pb_column type=\u00bb4_4&#8243; _builder_version=\u00bb4.17.4&#8243; _module_preset=\u00bbdefault\u00bb global_colors_info=\u00bb{}\u00bb][et_pb_video src=\u00bbhttps:\/\/youtu.be\/9eNUWmOHjMI\u00bb _builder_version=\u00bb4.17.4&#8243; _module_preset=\u00bbdefault\u00bb global_colors_info=\u00bb{}\u00bb][\/et_pb_video][\/et_pb_column][\/et_pb_row][et_pb_row _builder_version=\u00bb4.17.4&#8243; _module_preset=\u00bbdefault\u00bb custom_margin_tablet=\u00bb-15px||||false|false\u00bb custom_margin_phone=\u00bb-15px||||false|false\u00bb custom_margin_last_edited=\u00bbon|phone\u00bb global_colors_info=\u00bb{}\u00bb][et_pb_column type=\u00bb4_4&#8243; _builder_version=\u00bb4.17.4&#8243; _module_preset=\u00bbdefault\u00bb global_colors_info=\u00bb{}\u00bb][et_pb_text _builder_version=\u00bb4.17.4&#8243; _module_preset=\u00bbdefault\u00bb header_font=\u00bbGalaxiePolaris medium|500||||on|||\u00bb header_font_size=\u00bb35px\u00bb header_line_height=\u00bb1.2em\u00bb animation_style=\u00bbslide\u00bb animation_direction=\u00bbleft\u00bb header_font_size_tablet=\u00bb28px\u00bb header_font_size_phone=\u00bb20px\u00bb header_font_size_last_edited=\u00bbon|phone\u00bb global_colors_info=\u00bb{}\u00bb]<\/p>\n<h1>Stranger Things 4<\/h1>\n<h1>Netflix<\/h1>\n<h1>Alma Mediaplus &#8211; Outlandergroup<\/h1>\n<p>[\/et_pb_text][et_pb_text _builder_version=\u00bb4.17.4&#8243; _module_preset=\u00bbdefault\u00bb text_font=\u00bbGalaxiePolaris medium||||||||\u00bb text_text_color=\u00bb#ec6e08&#8243; custom_margin=\u00bb-20px||||false|false\u00bb custom_margin_tablet=\u00bb-35px||||false|false\u00bb custom_margin_phone=\u00bb-35px||||false|false\u00bb custom_margin_last_edited=\u00bbon|phone\u00bb text_font_size_tablet=\u00bb14px\u00bb text_font_size_phone=\u00bb14px\u00bb text_font_size_last_edited=\u00bbon|desktop\u00bb global_colors_info=\u00bb{}\u00bb]<\/p>\n<p>3 meses de tramitaci\u00f3n &#8211; R\u00eda de Bilbao y Madrid<\/p>\n<p>[\/et_pb_text][\/et_pb_column][\/et_pb_row][et_pb_row _builder_version=\u00bb4.17.4&#8243; _module_preset=\u00bbdefault\u00bb border_width_all=\u00bb1px\u00bb locked=\u00bboff\u00bb global_colors_info=\u00bb{}\u00bb][et_pb_column type=\u00bb4_4&#8243; _builder_version=\u00bb4.17.4&#8243; _module_preset=\u00bbdefault\u00bb global_colors_info=\u00bb{}\u00bb][et_pb_text content_tablet=\u00bb<\/p>\n<p class=%22v1MsoNormal%22>Evento producido para el lanzamiento de la cuarta temporada de la serie Stranger Things, de Netflix.<span> <\/span><span style=%22color: #ff6600;%22>El evento se desarroll\u00f3 en la R\u00eda de Bilbao, <\/span>donde nunca antes se hab\u00eda hecho un evento similar, produciendo una grieta gigante en el agua y una imponente proyecci\u00f3n sobre el museo Guggenheim, y en el centro de Madrid, donde apareci\u00f3 otra grieta en el suelo de la plaza de Callao, bajo una lona tridimensional. Este evento, muy complejo en la consecuci\u00f3n de las autorizaciones, obtuvo una grand\u00edsima repercusi\u00f3n a nivel internacional.<\/p>\n<p>\u00bb content_phone=\u00bb<\/p>\n<p class=%22v1MsoNormal%22>Evento producido para el lanzamiento de la cuarta temporada de la serie Stranger Things, de Netflix.<span> <\/span><span style=%22color: #ff6600;%22>El evento se desarroll\u00f3 en la R\u00eda de Bilbao, <\/span>donde nunca antes se hab\u00eda hecho un evento similar, produciendo una grieta gigante en el agua y una imponente proyecci\u00f3n sobre el museo Guggenheim, y en el centro de Madrid, donde apareci\u00f3 otra grieta en el suelo de la plaza de Callao, bajo una lona tridimensional. Este evento, muy complejo en la consecuci\u00f3n de las autorizaciones, obtuvo una grand\u00edsima repercusi\u00f3n a nivel internacional.<\/p>\n<p>\u00bb content_last_edited=\u00bbon|phone\u00bb _builder_version=\u00bb4.18.0&#8243; _module_preset=\u00bbdefault\u00bb text_font=\u00bb||||||||\u00bb text_text_color=\u00bbrgba(0,0,0,0.75)\u00bb text_line_height=\u00bb1.6em\u00bb width=\u00bb100%\u00bb module_alignment=\u00bbcenter\u00bb custom_padding=\u00bb0px||0px|16px|true|false\u00bb custom_padding_tablet=\u00bb0px||0px|9px|true|false\u00bb custom_padding_phone=\u00bb0px||0px|6px|true|false\u00bb custom_padding_last_edited=\u00bbon|desktop\u00bb text_line_height_tablet=\u00bb1.6em\u00bb text_line_height_phone=\u00bb1.6em\u00bb text_line_height_last_edited=\u00bbon|phone\u00bb global_colors_info=\u00bb{}\u00bb text_font_size=\u00bb15px\u00bb]<\/p>\n<p class=\"v1MsoNormal\">Evento producido para el lanzamiento de la cuarta temporada de la serie Stranger Things, de Netflix.<span>\u00a0<\/span><span style=\"color: #ff6600;\">El evento se desarroll\u00f3 en la R\u00eda de Bilbao, <\/span>donde nunca antes se hab\u00eda hecho un evento similar, produciendo una grieta gigante en el agua y una imponente proyecci\u00f3n sobre el museo Guggenheim, y en el centro de Madrid, donde apareci\u00f3 otra grieta en el suelo de la plaza de Callao, bajo una lona tridimensional. Este evento, muy complejo en la consecuci\u00f3n de las autorizaciones, obtuvo una grand\u00edsima repercusi\u00f3n a nivel internacional.<\/p>\n<p>[\/et_pb_text][\/et_pb_column][\/et_pb_row][\/et_pb_section]<\/p>\n","protected":false},"excerpt":{"rendered":"<p>Stranger Things 4 Netflix Alma Mediaplus &#8211; Outlandergroup3 meses de tramitaci\u00f3n &#8211; R\u00eda de Bilbao y MadridEvento producido para el lanzamiento de la cuarta temporada de la serie Stranger Things, de Netflix.\u00a0El evento se desarroll\u00f3 en la R\u00eda de Bilbao, donde nunca antes se hab\u00eda hecho un evento similar, produciendo una grieta gigante en el [&hellip;]<\/p>\n","protected":false},"author":1,"featured_media":0,"parent":0,"menu_order":0,"comment_status":"closed","ping_status":"closed","template":"","meta":{"_et_pb_use_builder":"on","_et_pb_old_content":"","_et_gb_content_width":"","footnotes":""},"class_list":["post-18","page","type-page","status-publish","hentry"],"_links":{"self":[{"href":"https:\/\/ubica.es\/es_es\/wp-json\/wp\/v2\/pages\/18","targetHints":{"allow":["GET"]}}],"collection":[{"href":"https:\/\/ubica.es\/es_es\/wp-json\/wp\/v2\/pages"}],"about":[{"href":"https:\/\/ubica.es\/es_es\/wp-json\/wp\/v2\/types\/page"}],"author":[{"embeddable":true,"href":"https:\/\/ubica.es\/es_es\/wp-json\/wp\/v2\/users\/1"}],"replies":[{"embeddable":true,"href":"https:\/\/ubica.es\/es_es\/wp-json\/wp\/v2\/comments?post=18"}],"version-history":[{"count":7,"href":"https:\/\/ubica.es\/es_es\/wp-json\/wp\/v2\/pages\/18\/revisions"}],"predecessor-version":[{"id":72,"href":"https:\/\/ubica.es\/es_es\/wp-json\/wp\/v2\/pages\/18\/revisions\/72"}],"wp:attachment":[{"href":"https:\/\/ubica.es\/es_es\/wp-json\/wp\/v2\/media?parent=18"}],"curies":[{"name":"wp","href":"https:\/\/api.w.org\/{rel}","templated":true}]}}